{"id":8,"date":"2023-04-27T10:01:57","date_gmt":"2023-04-27T10:01:57","guid":{"rendered":"https:\/\/portal.institutoimefor.com\/?page_id=8"},"modified":"2023-06-15T08:30:24","modified_gmt":"2023-06-15T08:30:24","slug":"servicios","status":"publish","type":"page","link":"https:\/\/portal.institutoimefor.com\/index.php\/servicios\/","title":{"rendered":"SERVICIOS"},"content":{"rendered":"\t\t<div data-elementor-type=\"wp-page\" data-elementor-id=\"8\" class=\"elementor elementor-8\" data-elementor-post-type=\"page\">\n\t\t\t\t<div class=\"elementor-element elementor-element-ce3490c e-flex e-con-boxed e-con e-parent\" data-id=\"ce3490c\" data-element_type=\"container\">\n\t\t\t\t\t<div class=\"e-con-inner\">\n\t\t<div class=\"elementor-element elementor-element-e5b5bcb e-flex e-con-boxed e-con e-parent\" data-id=\"e5b5bcb\" data-element_type=\"container\" data-settings=\"{&quot;background_background&quot;:&quot;classic&quot;}\">\n\t\t\t\t\t<div class=\"e-con-inner\">\n\t\t\t\t<div class=\"elementor-element elementor-element-d984bc9 elementor-widget elementor-widget-heading\" data-id=\"d984bc9\" data-element_type=\"widget\" data-widget_type=\"heading.default\">\n\t\t\t\t<div class=\"elementor-widget-container\">\n\t\t\t\t\t<h2 class=\"elementor-heading-title elementor-size-default\">Servicios<\/h2>\t\t\t\t<\/div>\n\t\t\t\t<\/div>\n\t\t\t\t<div class=\"elementor-element elementor-element-6c6bfca elementor-widget-divider--view-line elementor-widget elementor-widget-divider\" data-id=\"6c6bfca\" data-element_type=\"widget\" data-widget_type=\"divider.default\">\n\t\t\t\t<div class=\"elementor-widget-container\">\n\t\t\t\t\t\t\t<div class=\"elementor-divider\">\n\t\t\t<span class=\"elementor-divider-separator\">\n\t\t\t\t\t\t<\/span>\n\t\t<\/div>\n\t\t\t\t\t\t<\/div>\n\t\t\t\t<\/div>\n\t\t<div class=\"elementor-element elementor-element-a2fdbc2 e-flex e-con-boxed elementor-invisible e-con e-parent\" data-id=\"a2fdbc2\" data-element_type=\"container\" data-settings=\"{&quot;animation&quot;:&quot;fadeIn&quot;}\">\n\t\t\t\t\t<div class=\"e-con-inner\">\n\t\t\t\t<div class=\"elementor-element elementor-element-76d8af7 elementor-widget__width-initial elementor-widget elementor-widget-image\" data-id=\"76d8af7\" data-element_type=\"widget\" data-widget_type=\"image.default\">\n\t\t\t\t<div class=\"elementor-widget-container\">\n\t\t\t\t\t\t\t\t\t\t\t\t\t\t\t<img fetchpriority=\"high\" decoding=\"async\" width=\"300\" height=\"212\" src=\"https:\/\/portal.institutoimefor.com\/wp-content\/uploads\/2023\/05\/consejeria_educacion_cultura_y_deporte-300x212.jpg\" class=\"attachment-medium size-medium wp-image-218\" alt=\"\" srcset=\"https:\/\/portal.institutoimefor.com\/wp-content\/uploads\/2023\/05\/consejeria_educacion_cultura_y_deporte-300x212.jpg 300w, https:\/\/portal.institutoimefor.com\/wp-content\/uploads\/2023\/05\/consejeria_educacion_cultura_y_deporte-1024x724.jpg 1024w, https:\/\/portal.institutoimefor.com\/wp-content\/uploads\/2023\/05\/consejeria_educacion_cultura_y_deporte-768x543.jpg 768w, https:\/\/portal.institutoimefor.com\/wp-content\/uploads\/2023\/05\/consejeria_educacion_cultura_y_deporte-1536x1086.jpg 1536w, https:\/\/portal.institutoimefor.com\/wp-content\/uploads\/2023\/05\/consejeria_educacion_cultura_y_deporte.jpg 1754w\" sizes=\"(max-width: 300px) 100vw, 300px\" \/>\t\t\t\t\t\t\t\t\t\t\t\t\t\t\t<\/div>\n\t\t\t\t<\/div>\n\t\t\t\t<div class=\"elementor-element elementor-element-8c1cd6b elementor-widget elementor-widget-text-editor\" data-id=\"8c1cd6b\" data-element_type=\"widget\" data-widget_type=\"text-editor.default\">\n\t\t\t\t<div class=\"elementor-widget-container\">\n\t\t\t\t\t\t\t\t\t<p>La Consejer\u00eda de Educaci\u00f3n y Cultura de la Junta de Andaluc\u00eda avalando la formaci\u00f3n para trabajadores y desempleados.&nbsp;<\/p>\t\t\t\t\t\t\t\t<\/div>\n\t\t\t\t<\/div>\n\t\t\t\t\t<\/div>\n\t\t\t\t<\/div>\n\t\t\t\t<div class=\"elementor-element elementor-element-5261995 elementor-widget-divider--view-line elementor-widget elementor-widget-divider\" data-id=\"5261995\" data-element_type=\"widget\" data-widget_type=\"divider.default\">\n\t\t\t\t<div class=\"elementor-widget-container\">\n\t\t\t\t\t\t\t<div class=\"elementor-divider\">\n\t\t\t<span class=\"elementor-divider-separator\">\n\t\t\t\t\t\t<\/span>\n\t\t<\/div>\n\t\t\t\t\t\t<\/div>\n\t\t\t\t<\/div>\n\t\t<div class=\"elementor-element elementor-element-504d931 e-flex e-con-boxed elementor-invisible e-con e-parent\" data-id=\"504d931\" data-element_type=\"container\" data-settings=\"{&quot;animation&quot;:&quot;fadeIn&quot;,&quot;animation_delay&quot;:100}\">\n\t\t\t\t\t<div class=\"e-con-inner\">\n\t\t\t\t<div class=\"elementor-element elementor-element-701f04e elementor-widget__width-initial elementor-widget elementor-widget-image\" data-id=\"701f04e\" data-element_type=\"widget\" data-widget_type=\"image.default\">\n\t\t\t\t<div class=\"elementor-widget-container\">\n\t\t\t\t\t\t\t\t\t\t\t\t\t\t\t<img decoding=\"async\" width=\"300\" height=\"211\" src=\"https:\/\/portal.institutoimefor.com\/wp-content\/uploads\/2023\/05\/Fundacion_Tripartita-300x211.jpg\" class=\"attachment-medium size-medium wp-image-219\" alt=\"\" srcset=\"https:\/\/portal.institutoimefor.com\/wp-content\/uploads\/2023\/05\/Fundacion_Tripartita-300x211.jpg 300w, https:\/\/portal.institutoimefor.com\/wp-content\/uploads\/2023\/05\/Fundacion_Tripartita.jpg 637w\" sizes=\"(max-width: 300px) 100vw, 300px\" \/>\t\t\t\t\t\t\t\t\t\t\t\t\t\t\t<\/div>\n\t\t\t\t<\/div>\n\t\t\t\t<div class=\"elementor-element elementor-element-1edb687 elementor-widget elementor-widget-text-editor\" data-id=\"1edb687\" data-element_type=\"widget\" data-widget_type=\"text-editor.default\">\n\t\t\t\t<div class=\"elementor-widget-container\">\n\t\t\t\t\t\t\t\t\t<p>La Fundaci\u00f3n Tripartita para la Formaci\u00f3n en el Empleo pretende acercarse desde este espacio a sus protagonistas y beneficiarios, creando un marco accesible para el intercambio de informaci\u00f3n, la orientaci\u00f3n y el conocimiento, un escenario que facilite la interacci\u00f3n de expertos y usuarios del sistema y en el que se desarrolle la agregaci\u00f3n de ideas y compromisos<\/p>\t\t\t\t\t\t\t\t<\/div>\n\t\t\t\t<\/div>\n\t\t\t\t\t<\/div>\n\t\t\t\t<\/div>\n\t\t\t\t<div class=\"elementor-element elementor-element-873ba9d elementor-widget-divider--view-line elementor-widget elementor-widget-divider\" data-id=\"873ba9d\" data-element_type=\"widget\" data-widget_type=\"divider.default\">\n\t\t\t\t<div class=\"elementor-widget-container\">\n\t\t\t\t\t\t\t<div class=\"elementor-divider\">\n\t\t\t<span class=\"elementor-divider-separator\">\n\t\t\t\t\t\t<\/span>\n\t\t<\/div>\n\t\t\t\t\t\t<\/div>\n\t\t\t\t<\/div>\n\t\t<div class=\"elementor-element elementor-element-98407a0 e-flex e-con-boxed elementor-invisible e-con e-parent\" data-id=\"98407a0\" data-element_type=\"container\" data-settings=\"{&quot;animation&quot;:&quot;fadeIn&quot;,&quot;animation_delay&quot;:200}\">\n\t\t\t\t\t<div class=\"e-con-inner\">\n\t\t\t\t<div class=\"elementor-element elementor-element-5b73848 elementor-widget__width-initial elementor-widget elementor-widget-image\" data-id=\"5b73848\" data-element_type=\"widget\" data-widget_type=\"image.default\">\n\t\t\t\t<div class=\"elementor-widget-container\">\n\t\t\t\t\t\t\t\t\t\t\t\t\t\t\t<img decoding=\"async\" width=\"250\" height=\"83\" src=\"https:\/\/portal.institutoimefor.com\/wp-content\/uploads\/2023\/05\/Logo-ESSSCAN-1.jpg\" class=\"attachment-medium size-medium wp-image-220\" alt=\"\" \/>\t\t\t\t\t\t\t\t\t\t\t\t\t\t\t<\/div>\n\t\t\t\t<\/div>\n\t\t\t\t<div class=\"elementor-element elementor-element-5e6e813 elementor-widget elementor-widget-text-editor\" data-id=\"5e6e813\" data-element_type=\"widget\" data-widget_type=\"text-editor.default\">\n\t\t\t\t<div class=\"elementor-widget-container\">\n\t\t\t\t\t\t\t\t\t<p>La Escuela de Servicios Sanitarios y Sociales de Canarias se crea por Ley 1\/1993, de 26 de marzo, como Entidad de Derecho P\u00fablico dependiente de la de la Consejer\u00eda de Sanidad. El objeto es formar al personal para la gesti\u00f3n y administraci\u00f3n de los servicios sanitarios y sociales, as\u00ed como la promoci\u00f3n de la salud en el \u00e1mbito de la Comunidad Aut\u00f3noma de Canarias.<\/p>\t\t\t\t\t\t\t\t<\/div>\n\t\t\t\t<\/div>\n\t\t\t\t\t<\/div>\n\t\t\t\t<\/div>\n\t\t\t\t<div class=\"elementor-element elementor-element-8bec9b1 elementor-widget-divider--view-line elementor-widget elementor-widget-divider\" data-id=\"8bec9b1\" data-element_type=\"widget\" data-widget_type=\"divider.default\">\n\t\t\t\t<div class=\"elementor-widget-container\">\n\t\t\t\t\t\t\t<div class=\"elementor-divider\">\n\t\t\t<span class=\"elementor-divider-separator\">\n\t\t\t\t\t\t<\/span>\n\t\t<\/div>\n\t\t\t\t\t\t<\/div>\n\t\t\t\t<\/div>\n\t\t<div class=\"elementor-element elementor-element-910d908 e-flex e-con-boxed elementor-invisible e-con e-parent\" data-id=\"910d908\" data-element_type=\"container\" data-settings=\"{&quot;animation&quot;:&quot;fadeIn&quot;,&quot;animation_delay&quot;:300}\">\n\t\t\t\t\t<div class=\"e-con-inner\">\n\t\t\t\t<div class=\"elementor-element elementor-element-481b38a elementor-widget__width-initial elementor-widget elementor-widget-image\" data-id=\"481b38a\" data-element_type=\"widget\" data-widget_type=\"image.default\">\n\t\t\t\t<div class=\"elementor-widget-container\">\n\t\t\t\t\t\t\t\t\t\t\t\t\t\t\t<img loading=\"lazy\" decoding=\"async\" width=\"213\" height=\"96\" src=\"https:\/\/portal.institutoimefor.com\/wp-content\/uploads\/2023\/04\/cropped-front_logo-1.png\" class=\"attachment-medium size-medium wp-image-14\" alt=\"\" \/>\t\t\t\t\t\t\t\t\t\t\t\t\t\t\t<\/div>\n\t\t\t\t<\/div>\n\t\t\t\t<div class=\"elementor-element elementor-element-ac4d90e elementor-widget elementor-widget-text-editor\" data-id=\"ac4d90e\" data-element_type=\"widget\" data-widget_type=\"text-editor.default\">\n\t\t\t\t<div class=\"elementor-widget-container\">\n\t\t\t\t\t\t\t\t\t<p>IMEFOR, Instituto de Formaciones Metodol\u00f3gicas apostando por una formaci\u00f3n de calidad y con la mayor garant\u00eda.<\/p>\t\t\t\t\t\t\t\t<\/div>\n\t\t\t\t<\/div>\n\t\t\t\t\t<\/div>\n\t\t\t\t<\/div>\n\t\t\t\t<div class=\"elementor-element elementor-element-378991a elementor-widget-divider--view-line elementor-widget elementor-widget-divider\" data-id=\"378991a\" data-element_type=\"widget\" data-widget_type=\"divider.default\">\n\t\t\t\t<div class=\"elementor-widget-container\">\n\t\t\t\t\t\t\t<div class=\"elementor-divider\">\n\t\t\t<span class=\"elementor-divider-separator\">\n\t\t\t\t\t\t<\/span>\n\t\t<\/div>\n\t\t\t\t\t\t<\/div>\n\t\t\t\t<\/div>\n\t\t\t\t\t<\/div>\n\t\t\t\t<\/div>\n\t\t\t\t\t<\/div>\n\t\t\t\t<\/div>\n\t\t\t\t<\/div>\n\t\t","protected":false},"excerpt":{"rendered":"<p>Servicios La Consejer\u00eda de Educaci\u00f3n y Cultura de la Junta de Andaluc\u00eda avalando la formaci\u00f3n para trabajadores y desempleados.&nbsp; La Fundaci\u00f3n Tripartita para la Formaci\u00f3n en el Empleo pretende acercarse desde este espacio a sus protagonistas y beneficiarios, creando un marco accesible para el intercambio de informaci\u00f3n, la orientaci\u00f3n y el conocimiento, un escenario que [&hellip;]<\/p>\n","protected":false},"author":1,"featured_media":0,"parent":0,"menu_order":0,"comment_status":"closed","ping_status":"closed","template":"","meta":{"footnotes":""},"class_list":["post-8","page","type-page","status-publish","hentry"],"_links":{"self":[{"href":"https:\/\/portal.institutoimefor.com\/index.php\/wp-json\/wp\/v2\/pages\/8","targetHints":{"allow":["GET"]}}],"collection":[{"href":"https:\/\/portal.institutoimefor.com\/index.php\/wp-json\/wp\/v2\/pages"}],"about":[{"href":"https:\/\/portal.institutoimefor.com\/index.php\/wp-json\/wp\/v2\/types\/page"}],"author":[{"embeddable":true,"href":"https:\/\/portal.institutoimefor.com\/index.php\/wp-json\/wp\/v2\/users\/1"}],"replies":[{"embeddable":true,"href":"https:\/\/portal.institutoimefor.com\/index.php\/wp-json\/wp\/v2\/comments?post=8"}],"version-history":[{"count":4,"href":"https:\/\/portal.institutoimefor.com\/index.php\/wp-json\/wp\/v2\/pages\/8\/revisions"}],"predecessor-version":[{"id":591,"href":"https:\/\/portal.institutoimefor.com\/index.php\/wp-json\/wp\/v2\/pages\/8\/revisions\/591"}],"wp:attachment":[{"href":"https:\/\/portal.institutoimefor.com\/index.php\/wp-json\/wp\/v2\/media?parent=8"}],"curies":[{"name":"wp","href":"https:\/\/api.w.org\/{rel}","templated":true}]}}