{"id":243,"date":"2023-05-11T08:00:50","date_gmt":"2023-05-11T08:00:50","guid":{"rendered":"https:\/\/portal.institutoimefor.com\/?page_id=243"},"modified":"2023-05-11T08:10:02","modified_gmt":"2023-05-11T08:10:02","slug":"aviso-legal","status":"publish","type":"page","link":"https:\/\/portal.institutoimefor.com\/index.php\/aviso-legal\/","title":{"rendered":"Aviso Legal"},"content":{"rendered":"\t\t<div data-elementor-type=\"wp-page\" data-elementor-id=\"243\" class=\"elementor elementor-243\" data-elementor-post-type=\"page\">\n\t\t\t\t<div class=\"elementor-element elementor-element-ed7f07a e-flex e-con-boxed e-con e-parent\" data-id=\"ed7f07a\" data-element_type=\"container\" data-settings=\"{&quot;background_background&quot;:&quot;classic&quot;}\">\n\t\t\t\t\t<div class=\"e-con-inner\">\n\t\t\t\t<div class=\"elementor-element elementor-element-a825901 elementor-widget elementor-widget-text-editor\" data-id=\"a825901\" data-element_type=\"widget\" data-widget_type=\"text-editor.default\">\n\t\t\t\t<div class=\"elementor-widget-container\">\n\t\t\t\t\t\t\t\t\t<h2 class=\"rtejustify\">Informaci\u00f3n Legal<\/h2><p class=\"rtejustify\">Instituto de Metodolog\u00edas Formativas IMEFOR S.L., en cumplimiento de la Ley 34\/2002, de 11 de julio, de servicios de la sociedad de informaci\u00f3n y de comercio electr\u00f3nico, le informa que su denominaci\u00f3n social Instituto de Metodolog\u00edas Formativas IMEFOR S.L. (en adelante IMEFOR) con CIF es B-14909626 inscrita en registro mercantil de C\u00d3RDOBA, tomo 2213, folio 179-3, hoja n\u00famero co-30667, con domicilio social en Centro de Negocios Fuente de las Piedras, Avd. Fuente de las Piedras s\/n, 14940 \u2013 CABRA (C\u00d3RDOBA).<\/p><h2 class=\"rtejustify\">Propiedad intelectual y uso de los contenidos<\/h2><p class=\"rtejustify\">El acceso a esta p\u00e1gina web es responsabilidad exclusiva de los usuarios. El contenido total de la p\u00e1gina web (textos, fotograf\u00edas, gr\u00e1ficos, im\u00e1genes, iconos, logos, marcas, nombres comerciales, signos distintivos, software, links, informes, documentos\u2026) son propiedad \u00fanica y exclusiva de IMEFOR, o de terceros que han cedido su uso a la compa\u00f1\u00eda.<\/p><p class=\"rtejustify\">Todos los derechos de propiedad industrial e intelectual sobre esta p\u00e1gina est\u00e1n legalmente reservados y el acceso y uso de la misma, no debe considerarse como otorgamiento de licencia de uso o derecho sobre cualquier activo cuya titularidad o propiedad corresponda a IMEFOR o a terceros.<\/p><p class=\"rtejustify\">La reproducci\u00f3n total o parcial del contenido de la p\u00e1gina, as\u00ed como la venta, cesi\u00f3n, arrendamiento, distribuci\u00f3n, comunicaci\u00f3n p\u00fablica, transformaci\u00f3n o cualquier otro uso que se quiera realizar de la misma, sin previa autorizaci\u00f3n expresa del correspondiente titular queda prohibida, reserv\u00e1ndose IMEFOR el derecho de ejercer las medidas legales que estime oportunas para evitar este tipo de conductas.<\/p><h2 class=\"rtejustify\">Pol\u00edtica de Cookies<\/h2><p class=\"rtejustify\">La web\u00a0<a href=\"http:\/\/www.institutoimefor.com\/\">http:\/\/www.institutoimefor.com<\/a>\u00a0utiliza cookies, peque\u00f1os ficheros de datos que se generan en el ordenador del usuario y que nos permiten conocer su frecuencia de visitas, los contenidos m\u00e1s seleccionados y los elementos de seguridad que pueden intervenir en el control de acceso a \u00e1reas restringidas.<\/p><p class=\"rtejustify\">El usuario tiene la opci\u00f3n de impedir la generaci\u00f3n de cookies, mediante la selecci\u00f3n de la correspondiente opci\u00f3n en su programa navegador.<\/p><p class=\"rtejustify\">El usuario autoriza a obtener y tratar la informaci\u00f3n que se genere como consecuencia de la utilizaci\u00f3n de la esta Web, con la \u00fanica finalidad de obtener datos estad\u00edsticos de acceso a la misma, as\u00ed como ofrecerle una navegaci\u00f3n m\u00e1s personalizada.<\/p><h2 class=\"rtejustify\">\u00a0<\/h2><h2 class=\"rtejustify\">Protecci\u00f3n de datos<\/h2><h2 class=\"rtejustify\">Medidas de seguridad<\/h2><p class=\"rtejustify\">IMEFOR ha adoptado las medidas de \u00edndole t\u00e9cnica y organizativa que garantizan la seguridad y confidencialidad de los datos de car\u00e1cter personal y evitan su alteraci\u00f3n, p\u00e9rdida, tratamiento o acceso no autorizado, habida cuenta del estado de la tecnolog\u00eda, la naturaleza de los datos almacenados y los riesgos a que est\u00e9n expuestos, todo ello de conformidad con lo establecido en el Real Decreto 1720\/2007 de 21 de diciembre. Aceptaci\u00f3n y consentimiento<\/p><p class=\"rtejustify\">La visita a esta p\u00e1gina web no supone que el usuario est\u00e9 obligado a facilitar ninguna informaci\u00f3n sobre s\u00ed mismo. En el caso de que proporcione el usuario alguna informaci\u00f3n de car\u00e1cter personal, los datos recogidos ser\u00e1n utilizados con la finalidad, en la forma y con las limitaciones y derecho que recoge la legislaci\u00f3n vigente en cada momento encargada de regular la protecci\u00f3n de los mismos.<\/p><p class=\"rtejustify\">Es necesario que el usuario acepte expresamente la pol\u00edtica sobre solicitud y tratamiento de datos en cualquiera de los formularios de esta web donde le sean solicitados, declarando as\u00ed haber sido informado de las condiciones sobre protecci\u00f3n de datos personales, aceptando y consintiendo el tratamiento automatizado de los mismos por parte de IMEFOR, en la forma y para las finalidades indicadas en el presente Aviso Legal.<\/p><h2 class=\"rtejustify\"><em>Derecho de informaci\u00f3n<\/em><\/h2><p class=\"rtejustify\">De conformidad con lo establecido en la Ley Org\u00e1nica 15\/1999, de 13 de diciembre, de Protecci\u00f3n de Datos de Car\u00e1cter Personal, se informa a los usuarios que los datos personales proporcionados a trav\u00e9s de los diferentes formularios de este sitio web, ser\u00e1n incorporados a los ficheros correspondientes responsabilidad de IMEFOR, con la finalidad que en cada formulario se indica (promocionar sus servicios y actividades, inscripci\u00f3n a eventos, etc.).<\/p><p class=\"rtejustify\">Igualmente, el usuario presta su consentimiento expreso para la cesi\u00f3n de los mismos a empresas sociosanitarias del grupo y aquellas terceras personas f\u00edsicas y\/o jur\u00eddicas que, a su juicio, ofrezcan servicios sociosanitarios que pudieran resultar de inter\u00e9s a dicho usuario, y sin necesidad de que le sea comunicada cada primera cesi\u00f3n que se efect\u00fae a los referidos cesionarios, pudiendo ejercitar los derechos de acceso, rectificaci\u00f3n, cancelaci\u00f3n y oposici\u00f3n mediante comunicaci\u00f3n escrita dirigida a: Departamento Jur\u00eddico IMEFOR, Centro de Negocios Fuente de las Piedras, Avd. Fuente de las Piedras s\/n, 14940 \u2013 CABRA (C\u00d3RDOBA).<\/p><h2 class=\"rtejustify\">Limitaciones y exclusiones de responsabilidad<\/h2><p class=\"rtejustify\">IMEFOR realiza los m\u00e1ximos esfuerzos para evitar cualquier error en los contenidos que pudiera aparecer en esta p\u00e1gina web, realizando revisiones peri\u00f3dicas, al objeto de subsanar aquellos errores que se puedan detectar en la misma. No obstante lo anterior, IMEFOR no asume ning\u00fan tipo de responsabilidad respecto a la integridad, exactitud o exhaustividad de la informaci\u00f3n, ni responder\u00e1, respecto a terceros, por eventuales errores en la p\u00e1gina web.<\/p><p class=\"rtejustify\">Igualmente, IMEFOR se exime de cualquier responsabilidad por da\u00f1os y perjuicios, cualesquiera que sean, derivados directa o indirectamente, por la conexi\u00f3n, acceso o uso de esta p\u00e1gina, o p\u00e1ginas web a las que se pueda acceder a trav\u00e9s de la misma, incluidos los que se puedan deber a la presencia de virus o cualquier elemento lesivo que puedan provocar alteraciones en sistemas inform\u00e1ticos, documentos electr\u00f3nicos o ficheros.<\/p><p class=\"rtejustify\">IMEFOR podr\u00e1, unilateralmente, modificar, suplir, eliminar o actualizar, sin previo aviso y en cualquier momento, la configuraci\u00f3n y contenido de la p\u00e1gina web, as\u00ed como las condiciones de uso.<\/p><p class=\"rtejustify\">El acceso y uso de esta p\u00e1gina web se realizar\u00e1 de conformidad con la ley, la moral, las buenas costumbres, el orden p\u00fablico y las presentes condiciones de uso, absteni\u00e9ndose de utilizarla con fines o efectos il\u00edcitos, lesivos de los derechos e intereses de terceros, o de cualquier forma que pueda da\u00f1ar, inutilizar, sobrecargar, interferir, deteriorar o impedir su normal utilizaci\u00f3n o disfrute.<\/p><p class=\"rtejustify\">Para cualquier cuesti\u00f3n que se suscite en orden a la interpretaci\u00f3n y\/o cumplimiento de estas condiciones de uso, ambas partes, se someter\u00e1n a la jurisdicci\u00f3n de los juzgados y tribunales del domicilio del usuario.<\/p><p>\u00a0<\/p>\t\t\t\t\t\t\t\t<\/div>\n\t\t\t\t<\/div>\n\t\t\t\t\t<\/div>\n\t\t\t\t<\/div>\n\t\t\t\t<\/div>\n\t\t","protected":false},"excerpt":{"rendered":"<p>Informaci\u00f3n Legal Instituto de Metodolog\u00edas Formativas IMEFOR S.L., en cumplimiento de la Ley 34\/2002, de 11 de julio, de servicios de la sociedad de informaci\u00f3n y de comercio electr\u00f3nico, le informa que su denominaci\u00f3n social Instituto de Metodolog\u00edas Formativas IMEFOR S.L. (en adelante IMEFOR) con CIF es B-14909626 inscrita en registro mercantil de C\u00d3RDOBA, tomo [&hellip;]<\/p>\n","protected":false},"author":1,"featured_media":0,"parent":0,"menu_order":0,"comment_status":"closed","ping_status":"closed","template":"","meta":{"footnotes":""},"class_list":["post-243","page","type-page","status-publish","hentry"],"_links":{"self":[{"href":"https:\/\/portal.institutoimefor.com\/index.php\/wp-json\/wp\/v2\/pages\/243","targetHints":{"allow":["GET"]}}],"collection":[{"href":"https:\/\/portal.institutoimefor.com\/index.php\/wp-json\/wp\/v2\/pages"}],"about":[{"href":"https:\/\/portal.institutoimefor.com\/index.php\/wp-json\/wp\/v2\/types\/page"}],"author":[{"embeddable":true,"href":"https:\/\/portal.institutoimefor.com\/index.php\/wp-json\/wp\/v2\/users\/1"}],"replies":[{"embeddable":true,"href":"https:\/\/portal.institutoimefor.com\/index.php\/wp-json\/wp\/v2\/comments?post=243"}],"version-history":[{"count":4,"href":"https:\/\/portal.institutoimefor.com\/index.php\/wp-json\/wp\/v2\/pages\/243\/revisions"}],"predecessor-version":[{"id":247,"href":"https:\/\/portal.institutoimefor.com\/index.php\/wp-json\/wp\/v2\/pages\/243\/revisions\/247"}],"wp:attachment":[{"href":"https:\/\/portal.institutoimefor.com\/index.php\/wp-json\/wp\/v2\/media?parent=243"}],"curies":[{"name":"wp","href":"https:\/\/api.w.org\/{rel}","templated":true}]}}