{"id":212,"date":"2023-05-09T09:28:55","date_gmt":"2023-05-09T09:28:55","guid":{"rendered":"https:\/\/portal.institutoimefor.com\/?page_id=212"},"modified":"2023-05-11T07:46:34","modified_gmt":"2023-05-11T07:46:34","slug":"certificaciones-y-homologaciones","status":"publish","type":"page","link":"https:\/\/portal.institutoimefor.com\/index.php\/certificaciones-y-homologaciones\/","title":{"rendered":"Certificaciones y Homologaciones"},"content":{"rendered":"\t\t<div data-elementor-type=\"wp-page\" data-elementor-id=\"212\" class=\"elementor elementor-212\" data-elementor-post-type=\"page\">\n\t\t\t\t<div class=\"elementor-element elementor-element-87170a1 e-flex e-con-boxed e-con e-parent\" data-id=\"87170a1\" data-element_type=\"container\" data-settings=\"{&quot;background_background&quot;:&quot;classic&quot;}\">\n\t\t\t\t\t<div class=\"e-con-inner\">\n\t\t\t\t<div class=\"elementor-element elementor-element-9123530 elementor-widget elementor-widget-heading\" data-id=\"9123530\" data-element_type=\"widget\" data-widget_type=\"heading.default\">\n\t\t\t\t<div class=\"elementor-widget-container\">\n\t\t\t\t\t<h2 class=\"elementor-heading-title elementor-size-default\">Certificaciones y Homologaciones<\/h2>\t\t\t\t<\/div>\n\t\t\t\t<\/div>\n\t\t\t\t<div class=\"elementor-element elementor-element-6a6322b elementor-widget-divider--view-line elementor-widget elementor-widget-divider\" data-id=\"6a6322b\" data-element_type=\"widget\" data-widget_type=\"divider.default\">\n\t\t\t\t<div class=\"elementor-widget-container\">\n\t\t\t\t\t\t\t<div class=\"elementor-divider\">\n\t\t\t<span class=\"elementor-divider-separator\">\n\t\t\t\t\t\t<\/span>\n\t\t<\/div>\n\t\t\t\t\t\t<\/div>\n\t\t\t\t<\/div>\n\t\t<div class=\"elementor-element elementor-element-a49272d e-flex e-con-boxed elementor-invisible e-con e-parent\" data-id=\"a49272d\" data-element_type=\"container\" data-settings=\"{&quot;animation&quot;:&quot;fadeIn&quot;}\">\n\t\t\t\t\t<div class=\"e-con-inner\">\n\t\t\t\t<div class=\"elementor-element elementor-element-0ec9642 elementor-widget__width-initial elementor-widget elementor-widget-image\" data-id=\"0ec9642\" data-element_type=\"widget\" data-widget_type=\"image.default\">\n\t\t\t\t<div class=\"elementor-widget-container\">\n\t\t\t\t\t\t\t\t\t\t\t\t\t\t\t<img fetchpriority=\"high\" decoding=\"async\" width=\"300\" height=\"212\" src=\"https:\/\/portal.institutoimefor.com\/wp-content\/uploads\/2023\/05\/consejeria_educacion_cultura_y_deporte-300x212.jpg\" class=\"attachment-medium size-medium wp-image-218\" alt=\"\" srcset=\"https:\/\/portal.institutoimefor.com\/wp-content\/uploads\/2023\/05\/consejeria_educacion_cultura_y_deporte-300x212.jpg 300w, https:\/\/portal.institutoimefor.com\/wp-content\/uploads\/2023\/05\/consejeria_educacion_cultura_y_deporte-1024x724.jpg 1024w, https:\/\/portal.institutoimefor.com\/wp-content\/uploads\/2023\/05\/consejeria_educacion_cultura_y_deporte-768x543.jpg 768w, https:\/\/portal.institutoimefor.com\/wp-content\/uploads\/2023\/05\/consejeria_educacion_cultura_y_deporte-1536x1086.jpg 1536w, https:\/\/portal.institutoimefor.com\/wp-content\/uploads\/2023\/05\/consejeria_educacion_cultura_y_deporte.jpg 1754w\" sizes=\"(max-width: 300px) 100vw, 300px\" \/>\t\t\t\t\t\t\t\t\t\t\t\t\t\t\t<\/div>\n\t\t\t\t<\/div>\n\t\t\t\t<div class=\"elementor-element elementor-element-6d990f4 elementor-widget elementor-widget-text-editor\" data-id=\"6d990f4\" data-element_type=\"widget\" data-widget_type=\"text-editor.default\">\n\t\t\t\t<div class=\"elementor-widget-container\">\n\t\t\t\t\t\t\t\t\t<p>La Consejer\u00eda de Educaci\u00f3n y Cultura de la Junta de Andaluc\u00eda avalando la formaci\u00f3n para trabajadores y desempleados.&nbsp;<\/p>\t\t\t\t\t\t\t\t<\/div>\n\t\t\t\t<\/div>\n\t\t\t\t\t<\/div>\n\t\t\t\t<\/div>\n\t\t\t\t<div class=\"elementor-element elementor-element-344b063 elementor-widget-divider--view-line elementor-widget elementor-widget-divider\" data-id=\"344b063\" data-element_type=\"widget\" data-widget_type=\"divider.default\">\n\t\t\t\t<div class=\"elementor-widget-container\">\n\t\t\t\t\t\t\t<div class=\"elementor-divider\">\n\t\t\t<span class=\"elementor-divider-separator\">\n\t\t\t\t\t\t<\/span>\n\t\t<\/div>\n\t\t\t\t\t\t<\/div>\n\t\t\t\t<\/div>\n\t\t<div class=\"elementor-element elementor-element-3da2219 e-flex e-con-boxed elementor-invisible e-con e-parent\" data-id=\"3da2219\" data-element_type=\"container\" data-settings=\"{&quot;animation&quot;:&quot;fadeIn&quot;,&quot;animation_delay&quot;:100}\">\n\t\t\t\t\t<div class=\"e-con-inner\">\n\t\t\t\t<div class=\"elementor-element elementor-element-d15ecbd elementor-widget__width-initial elementor-widget elementor-widget-image\" data-id=\"d15ecbd\" data-element_type=\"widget\" data-widget_type=\"image.default\">\n\t\t\t\t<div class=\"elementor-widget-container\">\n\t\t\t\t\t\t\t\t\t\t\t\t\t\t\t<img decoding=\"async\" width=\"300\" height=\"211\" src=\"https:\/\/portal.institutoimefor.com\/wp-content\/uploads\/2023\/05\/Fundacion_Tripartita-300x211.jpg\" class=\"attachment-medium size-medium wp-image-219\" alt=\"\" srcset=\"https:\/\/portal.institutoimefor.com\/wp-content\/uploads\/2023\/05\/Fundacion_Tripartita-300x211.jpg 300w, https:\/\/portal.institutoimefor.com\/wp-content\/uploads\/2023\/05\/Fundacion_Tripartita.jpg 637w\" sizes=\"(max-width: 300px) 100vw, 300px\" \/>\t\t\t\t\t\t\t\t\t\t\t\t\t\t\t<\/div>\n\t\t\t\t<\/div>\n\t\t\t\t<div class=\"elementor-element elementor-element-f2f83a3 elementor-widget elementor-widget-text-editor\" data-id=\"f2f83a3\" data-element_type=\"widget\" data-widget_type=\"text-editor.default\">\n\t\t\t\t<div class=\"elementor-widget-container\">\n\t\t\t\t\t\t\t\t\t<p>La Fundaci\u00f3n Tripartita para la Formaci\u00f3n en el Empleo pretende acercarse desde este espacio a sus protagonistas y beneficiarios, creando un marco accesible para el intercambio de informaci\u00f3n, la orientaci\u00f3n y el conocimiento, un escenario que facilite la interacci\u00f3n de expertos y usuarios del sistema y en el que se desarrolle la agregaci\u00f3n de ideas y compromisos<\/p>\t\t\t\t\t\t\t\t<\/div>\n\t\t\t\t<\/div>\n\t\t\t\t\t<\/div>\n\t\t\t\t<\/div>\n\t\t\t\t<div class=\"elementor-element elementor-element-8df353f elementor-widget-divider--view-line elementor-widget elementor-widget-divider\" data-id=\"8df353f\" data-element_type=\"widget\" data-widget_type=\"divider.default\">\n\t\t\t\t<div class=\"elementor-widget-container\">\n\t\t\t\t\t\t\t<div class=\"elementor-divider\">\n\t\t\t<span class=\"elementor-divider-separator\">\n\t\t\t\t\t\t<\/span>\n\t\t<\/div>\n\t\t\t\t\t\t<\/div>\n\t\t\t\t<\/div>\n\t\t<div class=\"elementor-element elementor-element-38620ce e-flex e-con-boxed elementor-invisible e-con e-parent\" data-id=\"38620ce\" data-element_type=\"container\" data-settings=\"{&quot;animation&quot;:&quot;fadeIn&quot;,&quot;animation_delay&quot;:200}\">\n\t\t\t\t\t<div class=\"e-con-inner\">\n\t\t\t\t<div class=\"elementor-element elementor-element-aaf01ea elementor-widget__width-initial elementor-widget elementor-widget-image\" data-id=\"aaf01ea\" data-element_type=\"widget\" data-widget_type=\"image.default\">\n\t\t\t\t<div class=\"elementor-widget-container\">\n\t\t\t\t\t\t\t\t\t\t\t\t\t\t\t<img decoding=\"async\" width=\"250\" height=\"83\" src=\"https:\/\/portal.institutoimefor.com\/wp-content\/uploads\/2023\/05\/Logo-ESSSCAN-1.jpg\" class=\"attachment-medium size-medium wp-image-220\" alt=\"\" \/>\t\t\t\t\t\t\t\t\t\t\t\t\t\t\t<\/div>\n\t\t\t\t<\/div>\n\t\t\t\t<div class=\"elementor-element elementor-element-9417d80 elementor-widget elementor-widget-text-editor\" data-id=\"9417d80\" data-element_type=\"widget\" data-widget_type=\"text-editor.default\">\n\t\t\t\t<div class=\"elementor-widget-container\">\n\t\t\t\t\t\t\t\t\t<p>La Escuela de Servicios Sanitarios y Sociales de Canarias se crea por Ley 1\/1993, de 26 de marzo, como Entidad de Derecho P\u00fablico dependiente de la de la Consejer\u00eda de Sanidad. El objeto es formar al personal para la gesti\u00f3n y administraci\u00f3n de los servicios sanitarios y sociales, as\u00ed como la promoci\u00f3n de la salud en el \u00e1mbito de la Comunidad Aut\u00f3noma de Canarias.<\/p>\t\t\t\t\t\t\t\t<\/div>\n\t\t\t\t<\/div>\n\t\t\t\t\t<\/div>\n\t\t\t\t<\/div>\n\t\t\t\t<div class=\"elementor-element elementor-element-026e18e elementor-widget-divider--view-line elementor-widget elementor-widget-divider\" data-id=\"026e18e\" data-element_type=\"widget\" data-widget_type=\"divider.default\">\n\t\t\t\t<div class=\"elementor-widget-container\">\n\t\t\t\t\t\t\t<div class=\"elementor-divider\">\n\t\t\t<span class=\"elementor-divider-separator\">\n\t\t\t\t\t\t<\/span>\n\t\t<\/div>\n\t\t\t\t\t\t<\/div>\n\t\t\t\t<\/div>\n\t\t<div class=\"elementor-element elementor-element-122e1e0 e-flex e-con-boxed elementor-invisible e-con e-parent\" data-id=\"122e1e0\" data-element_type=\"container\" data-settings=\"{&quot;animation&quot;:&quot;fadeIn&quot;,&quot;animation_delay&quot;:300}\">\n\t\t\t\t\t<div class=\"e-con-inner\">\n\t\t\t\t<div class=\"elementor-element elementor-element-92ab9e4 elementor-widget__width-initial elementor-widget elementor-widget-image\" data-id=\"92ab9e4\" data-element_type=\"widget\" data-widget_type=\"image.default\">\n\t\t\t\t<div class=\"elementor-widget-container\">\n\t\t\t\t\t\t\t\t\t\t\t\t\t\t\t<img loading=\"lazy\" decoding=\"async\" width=\"213\" height=\"96\" src=\"https:\/\/portal.institutoimefor.com\/wp-content\/uploads\/2023\/04\/cropped-front_logo-1.png\" class=\"attachment-medium size-medium wp-image-14\" alt=\"\" \/>\t\t\t\t\t\t\t\t\t\t\t\t\t\t\t<\/div>\n\t\t\t\t<\/div>\n\t\t\t\t<div class=\"elementor-element elementor-element-33b1016 elementor-widget elementor-widget-text-editor\" data-id=\"33b1016\" data-element_type=\"widget\" data-widget_type=\"text-editor.default\">\n\t\t\t\t<div class=\"elementor-widget-container\">\n\t\t\t\t\t\t\t\t\t<p>IMEFOR, Instituto de Formaciones Metodol\u00f3gicas apostando por una formaci\u00f3n de calidad y con la mayor garant\u00eda.<\/p>\t\t\t\t\t\t\t\t<\/div>\n\t\t\t\t<\/div>\n\t\t\t\t\t<\/div>\n\t\t\t\t<\/div>\n\t\t\t\t<div class=\"elementor-element elementor-element-b007753 elementor-widget-divider--view-line elementor-widget elementor-widget-divider\" data-id=\"b007753\" data-element_type=\"widget\" data-widget_type=\"divider.default\">\n\t\t\t\t<div class=\"elementor-widget-container\">\n\t\t\t\t\t\t\t<div class=\"elementor-divider\">\n\t\t\t<span class=\"elementor-divider-separator\">\n\t\t\t\t\t\t<\/span>\n\t\t<\/div>\n\t\t\t\t\t\t<\/div>\n\t\t\t\t<\/div>\n\t\t\t\t\t<\/div>\n\t\t\t\t<\/div>\n\t\t\t\t<\/div>\n\t\t","protected":false},"excerpt":{"rendered":"<p>Certificaciones y Homologaciones La Consejer\u00eda de Educaci\u00f3n y Cultura de la Junta de Andaluc\u00eda avalando la formaci\u00f3n para trabajadores y desempleados.&nbsp; La Fundaci\u00f3n Tripartita para la Formaci\u00f3n en el Empleo pretende acercarse desde este espacio a sus protagonistas y beneficiarios, creando un marco accesible para el intercambio de informaci\u00f3n, la orientaci\u00f3n y el conocimiento, un [&hellip;]<\/p>\n","protected":false},"author":1,"featured_media":0,"parent":0,"menu_order":0,"comment_status":"closed","ping_status":"closed","template":"","meta":{"footnotes":""},"class_list":["post-212","page","type-page","status-publish","hentry"],"_links":{"self":[{"href":"https:\/\/portal.institutoimefor.com\/index.php\/wp-json\/wp\/v2\/pages\/212","targetHints":{"allow":["GET"]}}],"collection":[{"href":"https:\/\/portal.institutoimefor.com\/index.php\/wp-json\/wp\/v2\/pages"}],"about":[{"href":"https:\/\/portal.institutoimefor.com\/index.php\/wp-json\/wp\/v2\/types\/page"}],"author":[{"embeddable":true,"href":"https:\/\/portal.institutoimefor.com\/index.php\/wp-json\/wp\/v2\/users\/1"}],"replies":[{"embeddable":true,"href":"https:\/\/portal.institutoimefor.com\/index.php\/wp-json\/wp\/v2\/comments?post=212"}],"version-history":[{"count":19,"href":"https:\/\/portal.institutoimefor.com\/index.php\/wp-json\/wp\/v2\/pages\/212\/revisions"}],"predecessor-version":[{"id":237,"href":"https:\/\/portal.institutoimefor.com\/index.php\/wp-json\/wp\/v2\/pages\/212\/revisions\/237"}],"wp:attachment":[{"href":"https:\/\/portal.institutoimefor.com\/index.php\/wp-json\/wp\/v2\/media?parent=212"}],"curies":[{"name":"wp","href":"https:\/\/api.w.org\/{rel}","templated":true}]}}